



{"id":253,"date":"2015-01-15T19:14:57","date_gmt":"2015-01-15T17:14:57","guid":{"rendered":"http:\/\/www.wurzer.com\/wohnpark\/?page_id=253"},"modified":"2020-07-19T13:58:04","modified_gmt":"2020-07-19T11:58:04","slug":"lage","status":"publish","type":"page","link":"https:\/\/www.wurzer.com\/wohnpark\/lage\/","title":{"rendered":"Lage"},"content":{"rendered":"<p>[et_pb_section fb_built=&#8220;1&#8243; _builder_version=&#8220;3.22&#8243;][et_pb_row _builder_version=&#8220;4.5.1&#8243; background_size=&#8220;initial&#8220; background_position=&#8220;top_left&#8220; background_repeat=&#8220;repeat&#8220; hover_enabled=&#8220;0&#8243; disabled_on=&#8220;off|off|off&#8220;][et_pb_column type=&#8220;4_4&#8243; _builder_version=&#8220;3.25&#8243; custom_padding=&#8220;|||&#8220; custom_padding__hover=&#8220;|||&#8220;][et_pb_map address=&#8220;K\u00fchwegboden 30, 9620 K\u00fchwegboden, \u00d6sterreich&#8220; zoom_level=&#8220;17&#8243; address_lat=&#8220;46.61873751236494&#8243; address_lng=&#8220;13.36774435092616&#8243; admin_label=&#8220;Map&#8220; _builder_version=&#8220;4.5.1&#8243; hover_enabled=&#8220;0&#8243; disabled_on=&#8220;on|on|on&#8220; disabled=&#8220;on&#8220;][et_pb_map_pin title=&#8220;Wohnpark Wurzer&#8220; pin_address=&#8220;Eggeralmstra\u00dfe, 9620, \u00d6sterreich&#8220; pin_address_lat=&#8220;46.61896226943498&#8243; pin_address_lng=&#8220;13.367620969311474&#8243; _builder_version=&#8220;3.0.47&#8243;][\/et_pb_map_pin][\/et_pb_map][et_pb_code _builder_version=&#8220;4.5.1&#8243; _module_preset=&#8220;default&#8220; hover_enabled=&#8220;0&#8243;]\n        <div id=\"map_ol3js_1\"\n       class=\"osm-map-container undefined\"\n             data-map_name=\"undefined\"\n             data-map=\"map_ol3js_1\"\n             data-autoshow=\"no\"\n             style=\"width:100%;\n                    max-width:100%;\n                    height:600px;\n                    display:block;\n                    overflow:hidden;\n                    border:thin solid grey;\">\n          <div id=\"map_ol3js_1_popup\" class=\"ol-popup\">\n            <a href=\"#\" id=\"map_ol3js_1_popup-closer\" class=\"ol-popup-closer\"><\/a>\n            <div id=\"map_ol3js_1_popup-content\"><\/div>\n          <\/div>\n        <\/div>\n    \n\n\t\t\t\t<script type=\"text\/javascript\">\n          translations['openlayer'] = \"open layer\";\n          translations['openlayerAtStartup'] = \"open layer at startup\";\n          translations['generateLink'] = \"link to this map with opened layers\";\n          translations['shortDescription'] = \"short description\";\n          translations['generatedShortCode'] = \"to get a text control link paste this code in your wordpress editor\";\n          translations['closeLayer'] = \"close layer\";\n          translations['cantGenerateLink'] = \"put this string in the existing map short code to control this map\";\n\t\t\t  <\/script>\n\n\n\t\t\t  <script type=\"text\/javascript\">\n\t\t\t  vectorM['map_ol3js_1'] = [];\n\t        \n        var raster = getTileLayer(\"osm\",\"NoKey\");\t\t\t\n\n\t\t\t  var map_ol3js_1 = new ol.Map({\n\t\t\t\tinteractions: ol.interaction.defaults.defaults({mouseWheelZoom:false}),\n\t\t\t\tlayers: [raster],\n\t\t\t\ttarget: \"map_ol3js_1\",\n\t\t\t\tview: new ol.View({\n\t\t\t\t  center: ol.proj.transform([13.36722,46.61839], \"EPSG:4326\", \"EPSG:3857\"),\n\t\t\t\t  zoom: 17\n\t\t\t\t})\n\t\t\t  });\n\t\t\t  addControls2Map(map_ol3js_1,0,0,3,0,5,6,7,0,1);\nosm_addPopupClickhandler(map_ol3js_1,  \"map_ol3js_1\"); \nosm_addMouseHover(map_ol3js_1); <\/script>[\/et_pb_code][\/et_pb_column][\/et_pb_row][et_pb_row column_structure=&#8220;1_3,1_3,1_3&#8243; _builder_version=&#8220;4.5.1&#8243; _module_preset=&#8220;default&#8220;][et_pb_column type=&#8220;1_3&#8243; _builder_version=&#8220;4.5.1&#8243; _module_preset=&#8220;default&#8220;][\/et_pb_column][et_pb_column type=&#8220;1_3&#8243; _builder_version=&#8220;4.5.1&#8243; _module_preset=&#8220;default&#8220;][et_pb_text _builder_version=&#8220;4.5.1&#8243; _module_preset=&#8220;default&#8220;]<\/p>\n<p style=\"text-align: center;\"><strong>Entfernungen zum Wohnpark:<\/strong><\/p>\n<p style=\"text-align: left;\">Stadtzentrum: 1,1 km<\/p>\n<p style=\"text-align: left;\">Lauf- und Fahrradstrecke: 700 m<\/p>\n<p style=\"text-align: left;\">Pressegger See: 8 Minuten mit Auto<\/p>\n<p style=\"text-align: left;\">Gondelbahn Nassfeld: 9 Minuten mit Auto<\/p>\n<p style=\"text-align: center;\"><strong><\/strong><\/p>\n<p style=\"text-align: center;\"><strong>N\u00e4chste Gesch\u00e4fte:<\/strong><\/p>\n<table style=\"margin-left: auto; margin-right: auto;\">\n<tbody>\n<tr>\n<td>DM:<\/td>\n<td style=\"text-align: right;\">750 m<\/td>\n<\/tr>\n<tr>\n<td>Hofer:<\/td>\n<td style=\"text-align: right;\">850 m<\/td>\n<\/tr>\n<tr>\n<td>Billa:<\/td>\n<td style=\"text-align: right;\">950 m<\/td>\n<\/tr>\n<tr>\n<td>ADEG:<\/td>\n<td style=\"text-align: right;\">1 km<\/td>\n<\/tr>\n<tr>\n<td>Spar:<\/td>\n<td style=\"text-align: right;\">1,1 km<\/td>\n<\/tr>\n<\/tbody>\n<\/table>\n<p style=\"text-align: center;\">\n<p style=\"text-align: center;\">\n<p style=\"text-align: center;\">\n<p style=\"text-align: center;\">\n<p>[\/et_pb_text][\/et_pb_column][et_pb_column type=&#8220;1_3&#8243; _builder_version=&#8220;4.5.1&#8243; _module_preset=&#8220;default&#8220;][\/et_pb_column][\/et_pb_row][et_pb_row column_structure=&#8220;1_3,1_3,1_3&#8243; _builder_version=&#8220;4.5.1&#8243; _module_preset=&#8220;default&#8220; background_color=&#8220;rgba(44,36,94,0.14)&#8220;][et_pb_column type=&#8220;1_3&#8243; _builder_version=&#8220;4.5.1&#8243; _module_preset=&#8220;default&#8220;][\/et_pb_column][et_pb_column type=&#8220;1_3&#8243; _builder_version=&#8220;4.5.1&#8243; _module_preset=&#8220;default&#8220;][et_pb_text admin_label=&#8220;Text&#8220; _builder_version=&#8220;3.27.4&#8243; background_size=&#8220;initial&#8220; background_position=&#8220;top_left&#8220; background_repeat=&#8220;repeat&#8220;]<\/p>\n<h2><strong>Adresse<\/strong><\/h2>\n<p>K\u00fchwegboden 30A<br \/> 9620 Hermagor<\/p>\n<p>[\/et_pb_text][\/et_pb_column][et_pb_column type=&#8220;1_3&#8243; _builder_version=&#8220;4.5.1&#8243; _module_preset=&#8220;default&#8220;][\/et_pb_column][\/et_pb_row][\/et_pb_section]<\/p>\n","protected":false},"excerpt":{"rendered":"<p>\n        <div id=\"map_ol3js_2\"\n       class=\"osm-map-container undefined\"\n             data-map_name=\"undefined\"\n             data-map=\"map_ol3js_2\"\n             data-autoshow=\"no\"\n             style=\"width:100%;\n                    max-width:100%;\n                    height:600px;\n                    display:block;\n                    overflow:hidden;\n                    border:thin solid grey;\">\n          <div id=\"map_ol3js_2_popup\" class=\"ol-popup\">\n            <a href=\"#\" id=\"map_ol3js_2_popup-closer\" class=\"ol-popup-closer\"><\/a>\n            <div id=\"map_ol3js_2_popup-content\"><\/div>\n          <\/div>\n        <\/div>\n    \n\n\t\t\t\t<script type=\"text\/javascript\">\n          translations['openlayer'] = \"open layer\";\n          translations['openlayerAtStartup'] = \"open layer at startup\";\n          translations['generateLink'] = \"link to this map with opened layers\";\n          translations['shortDescription'] = \"short description\";\n          translations['generatedShortCode'] = \"to get a text control link paste this code in your wordpress editor\";\n          translations['closeLayer'] = \"close layer\";\n          translations['cantGenerateLink'] = \"put this string in the existing map short code to control this map\";\n\t\t\t  <\/script>\n\n\n\t\t\t  <script type=\"text\/javascript\">\n\t\t\t  vectorM['map_ol3js_2'] = [];\n\t        \n        var raster = getTileLayer(\"osm\",\"NoKey\");\t\t\t\n\n\t\t\t  var map_ol3js_2 = new ol.Map({\n\t\t\t\tinteractions: ol.interaction.defaults.defaults({mouseWheelZoom:false}),\n\t\t\t\tlayers: [raster],\n\t\t\t\ttarget: \"map_ol3js_2\",\n\t\t\t\tview: new ol.View({\n\t\t\t\t  center: ol.proj.transform([13.36722,46.61839], \"EPSG:4326\", \"EPSG:3857\"),\n\t\t\t\t  zoom: 17\n\t\t\t\t})\n\t\t\t  });\n\t\t\t  addControls2Map(map_ol3js_2,0,0,3,0,5,6,7,0,1);\nosm_addPopupClickhandler(map_ol3js_2,  \"map_ol3js_2\"); \nosm_addMouseHover(map_ol3js_2); <\/script>Entfernungen zum Wohnpark: Stadtzentrum: 1,1 km Lauf- und Fahrradstrecke: 700 m Pressegger See: 8 Minuten mit Auto Gondelbahn Nassfeld: 9 Minuten mit Auto N\u00e4chste Gesch\u00e4fte: DM: 750 m Hofer: 850 m Billa: 950 m ADEG: 1 km Spar: 1,1 km Adresse K\u00fchwegboden 30A 9620 Hermagor<\/p>\n","protected":false},"author":3,"featured_media":0,"parent":0,"menu_order":0,"comment_status":"closed","ping_status":"open","template":"","meta":{"_et_pb_use_builder":"on","_et_pb_old_content":"","_et_gb_content_width":"","footnotes":""},"class_list":["post-253","page","type-page","status-publish","hentry"],"yoast_head":"<!-- This site is optimized with the Yoast SEO plugin v27.4 - https:\/\/yoast.com\/product\/yoast-seo-wordpress\/ -->\n<title>Lage - Wohnpark Wurzer<\/title>\n<meta name=\"robots\" content=\"index, follow, max-snippet:-1, max-image-preview:large, max-video-preview:-1\" \/>\n<link rel=\"canonical\" href=\"https:\/\/www.wurzer.com\/wohnpark\/lage\/\" \/>\n<meta property=\"og:locale\" content=\"de_DE\" \/>\n<meta property=\"og:type\" content=\"article\" \/>\n<meta property=\"og:title\" content=\"Lage - Wohnpark Wurzer\" \/>\n<meta property=\"og:description\" content=\"Entfernungen zum Wohnpark: Stadtzentrum: 1,1 km Lauf- und Fahrradstrecke: 700 m Pressegger See: 8 Minuten mit Auto Gondelbahn Nassfeld: 9 Minuten mit Auto N\u00e4chste Gesch\u00e4fte: DM: 750 m Hofer: 850 m Billa: 950 m ADEG: 1 km Spar: 1,1 km Adresse K\u00fchwegboden 30A 9620 Hermagor\" \/>\n<meta property=\"og:url\" content=\"https:\/\/www.wurzer.com\/wohnpark\/lage\/\" \/>\n<meta property=\"og:site_name\" content=\"Wohnpark Wurzer\" \/>\n<meta property=\"article:modified_time\" content=\"2020-07-19T11:58:04+00:00\" \/>\n<meta name=\"twitter:card\" content=\"summary_large_image\" \/>\n<meta name=\"twitter:label1\" content=\"Gesch\u00e4tzte Lesezeit\" \/>\n\t<meta name=\"twitter:data1\" content=\"2\u00a0Minuten\" \/>\n<script type=\"application\/ld+json\" class=\"yoast-schema-graph\">{\"@context\":\"https:\\\/\\\/schema.org\",\"@graph\":[{\"@type\":\"WebPage\",\"@id\":\"https:\\\/\\\/www.wurzer.com\\\/wohnpark\\\/lage\\\/\",\"url\":\"https:\\\/\\\/www.wurzer.com\\\/wohnpark\\\/lage\\\/\",\"name\":\"Lage - Wohnpark Wurzer\",\"isPartOf\":{\"@id\":\"https:\\\/\\\/www.wurzer.com\\\/wohnpark\\\/#website\"},\"datePublished\":\"2015-01-15T17:14:57+00:00\",\"dateModified\":\"2020-07-19T11:58:04+00:00\",\"breadcrumb\":{\"@id\":\"https:\\\/\\\/www.wurzer.com\\\/wohnpark\\\/lage\\\/#breadcrumb\"},\"inLanguage\":\"de\",\"potentialAction\":[{\"@type\":\"ReadAction\",\"target\":[\"https:\\\/\\\/www.wurzer.com\\\/wohnpark\\\/lage\\\/\"]}]},{\"@type\":\"BreadcrumbList\",\"@id\":\"https:\\\/\\\/www.wurzer.com\\\/wohnpark\\\/lage\\\/#breadcrumb\",\"itemListElement\":[{\"@type\":\"ListItem\",\"position\":1,\"name\":\"Startseite\",\"item\":\"https:\\\/\\\/www.wurzer.com\\\/wohnpark\\\/\"},{\"@type\":\"ListItem\",\"position\":2,\"name\":\"Lage\"}]},{\"@type\":\"WebSite\",\"@id\":\"https:\\\/\\\/www.wurzer.com\\\/wohnpark\\\/#website\",\"url\":\"https:\\\/\\\/www.wurzer.com\\\/wohnpark\\\/\",\"name\":\"Wohnpark Wurzer\",\"description\":\"Wohnen im Gr\u00fcnen\",\"potentialAction\":[{\"@type\":\"SearchAction\",\"target\":{\"@type\":\"EntryPoint\",\"urlTemplate\":\"https:\\\/\\\/www.wurzer.com\\\/wohnpark\\\/?s={search_term_string}\"},\"query-input\":{\"@type\":\"PropertyValueSpecification\",\"valueRequired\":true,\"valueName\":\"search_term_string\"}}],\"inLanguage\":\"de\"}]}<\/script>\n<!-- \/ Yoast SEO plugin. -->","yoast_head_json":{"title":"Lage - Wohnpark Wurzer","robots":{"index":"index","follow":"follow","max-snippet":"max-snippet:-1","max-image-preview":"max-image-preview:large","max-video-preview":"max-video-preview:-1"},"canonical":"https:\/\/www.wurzer.com\/wohnpark\/lage\/","og_locale":"de_DE","og_type":"article","og_title":"Lage - Wohnpark Wurzer","og_description":"Entfernungen zum Wohnpark: Stadtzentrum: 1,1 km Lauf- und Fahrradstrecke: 700 m Pressegger See: 8 Minuten mit Auto Gondelbahn Nassfeld: 9 Minuten mit Auto N\u00e4chste Gesch\u00e4fte: DM: 750 m Hofer: 850 m Billa: 950 m ADEG: 1 km Spar: 1,1 km Adresse K\u00fchwegboden 30A 9620 Hermagor","og_url":"https:\/\/www.wurzer.com\/wohnpark\/lage\/","og_site_name":"Wohnpark Wurzer","article_modified_time":"2020-07-19T11:58:04+00:00","twitter_card":"summary_large_image","twitter_misc":{"Gesch\u00e4tzte Lesezeit":"2\u00a0Minuten"},"schema":{"@context":"https:\/\/schema.org","@graph":[{"@type":"WebPage","@id":"https:\/\/www.wurzer.com\/wohnpark\/lage\/","url":"https:\/\/www.wurzer.com\/wohnpark\/lage\/","name":"Lage - Wohnpark Wurzer","isPartOf":{"@id":"https:\/\/www.wurzer.com\/wohnpark\/#website"},"datePublished":"2015-01-15T17:14:57+00:00","dateModified":"2020-07-19T11:58:04+00:00","breadcrumb":{"@id":"https:\/\/www.wurzer.com\/wohnpark\/lage\/#breadcrumb"},"inLanguage":"de","potentialAction":[{"@type":"ReadAction","target":["https:\/\/www.wurzer.com\/wohnpark\/lage\/"]}]},{"@type":"BreadcrumbList","@id":"https:\/\/www.wurzer.com\/wohnpark\/lage\/#breadcrumb","itemListElement":[{"@type":"ListItem","position":1,"name":"Startseite","item":"https:\/\/www.wurzer.com\/wohnpark\/"},{"@type":"ListItem","position":2,"name":"Lage"}]},{"@type":"WebSite","@id":"https:\/\/www.wurzer.com\/wohnpark\/#website","url":"https:\/\/www.wurzer.com\/wohnpark\/","name":"Wohnpark Wurzer","description":"Wohnen im Gr\u00fcnen","potentialAction":[{"@type":"SearchAction","target":{"@type":"EntryPoint","urlTemplate":"https:\/\/www.wurzer.com\/wohnpark\/?s={search_term_string}"},"query-input":{"@type":"PropertyValueSpecification","valueRequired":true,"valueName":"search_term_string"}}],"inLanguage":"de"}]}},"_links":{"self":[{"href":"https:\/\/www.wurzer.com\/wohnpark\/wp-json\/wp\/v2\/pages\/253","targetHints":{"allow":["GET"]}}],"collection":[{"href":"https:\/\/www.wurzer.com\/wohnpark\/wp-json\/wp\/v2\/pages"}],"about":[{"href":"https:\/\/www.wurzer.com\/wohnpark\/wp-json\/wp\/v2\/types\/page"}],"author":[{"embeddable":true,"href":"https:\/\/www.wurzer.com\/wohnpark\/wp-json\/wp\/v2\/users\/3"}],"replies":[{"embeddable":true,"href":"https:\/\/www.wurzer.com\/wohnpark\/wp-json\/wp\/v2\/comments?post=253"}],"version-history":[{"count":14,"href":"https:\/\/www.wurzer.com\/wohnpark\/wp-json\/wp\/v2\/pages\/253\/revisions"}],"predecessor-version":[{"id":1166,"href":"https:\/\/www.wurzer.com\/wohnpark\/wp-json\/wp\/v2\/pages\/253\/revisions\/1166"}],"wp:attachment":[{"href":"https:\/\/www.wurzer.com\/wohnpark\/wp-json\/wp\/v2\/media?parent=253"}],"curies":[{"name":"wp","href":"https:\/\/api.w.org\/{rel}","templated":true}]}}